{"id":42,"date":"2023-11-28T20:06:40","date_gmt":"2023-11-28T20:06:40","guid":{"rendered":"https:\/\/radiofuturafm.com.br\/?page_id=42"},"modified":"2023-11-29T03:31:13","modified_gmt":"2023-11-29T03:31:13","slug":"contato","status":"publish","type":"page","link":"https:\/\/radiofuturafm.com.br\/index.php\/contato\/","title":{"rendered":"Contato"},"content":{"rendered":"\n<style type=\"text\/css\" data-created_by=\"avia_inline_auto\" id=\"style-css-av-lpj7fuys-4ed5fbb9601bbacb66314c573cc473f3\">\n#top .av-special-heading.av-lpj7fuys-4ed5fbb9601bbacb66314c573cc473f3{\npadding-bottom:10px;\ncolor:#4c8737;\n}\nbody .av-special-heading.av-lpj7fuys-4ed5fbb9601bbacb66314c573cc473f3 .av-special-heading-tag .heading-char{\nfont-size:25px;\n}\n.av-special-heading.av-lpj7fuys-4ed5fbb9601bbacb66314c573cc473f3 .special-heading-inner-border{\nborder-color:#4c8737;\n}\n.av-special-heading.av-lpj7fuys-4ed5fbb9601bbacb66314c573cc473f3 .av-subheading{\nfont-size:15px;\n}\n<\/style>\n<div  class='av-special-heading av-lpj7fuys-4ed5fbb9601bbacb66314c573cc473f3 av-special-heading-h1 custom-color-heading blockquote modern-quote  avia-builder-el-0  el_before_av_one_half  avia-builder-el-first '><h1 class='av-special-heading-tag'  itemprop=\"headline\"  >Contato<\/h1><div class=\"special-heading-border\"><div class=\"special-heading-inner-border\"><\/div><\/div><\/div>\n<div  class='flex_column av-1286u-4e7865a2ca57a868f835b4468b009bf6 av_one_half  avia-builder-el-1  el_after_av_heading  el_before_av_one_half  first flex_column_div  '     ><p>\n<style type=\"text\/css\" data-created_by=\"avia_inline_auto\" id=\"style-css-av-lpj7g8n0-a42c3d8998af8e2fbe7e79b8df48ac69\">\n#top .av_textblock_section.av-lpj7g8n0-a42c3d8998af8e2fbe7e79b8df48ac69 .avia_textblock{\nfont-size:16px;\n}\n<\/style>\n<section  class='av_textblock_section av-lpj7g8n0-a42c3d8998af8e2fbe7e79b8df48ac69 '   itemscope=\"itemscope\" itemtype=\"https:\/\/schema.org\/CreativeWork\" ><div class='avia_textblock'  itemprop=\"text\" ><p>Tem uma not\u00edcia, dica, sugest\u00e3o?<br \/>\nQuer pedir uma m\u00fasica ou falar com a nossa produ\u00e7\u00e3o?<br \/>\nEntre em contato conosco por e-mail atrav\u00e9s do nosso formul\u00e1rio abaixo!<\/p>\n<\/div><\/section><br \/>\n<section  class='av_textblock_section av-lpj7hty8-2262578529c913a7f8d4572360b0228a '   itemscope=\"itemscope\" itemtype=\"https:\/\/schema.org\/CreativeWork\" ><div class='avia_textblock'  itemprop=\"text\" ><style id=\"wpforms-css-vars-95\">\n\t\t\t\t#wpforms-95 {\n\t\t\t\t\n\t\t\t}\n\t\t\t<\/style><div class=\"wpforms-container wpforms-container-full wpforms-render-modern\" id=\"wpforms-95\"><form id=\"wpforms-form-95\" class=\"wpforms-validate wpforms-form wpforms-ajax-form\" data-formid=\"95\" method=\"post\" enctype=\"multipart\/form-data\" action=\"\/index.php\/wp-json\/wp\/v2\/pages\/42\" data-token=\"c7c66e2f9b944fde4fd456c7c9c82a50\" data-token-time=\"1776137785\"><noscript class=\"wpforms-error-noscript\">Ative o JavaScript no seu navegador para preencher este formul\u00e1rio.<\/noscript><div id=\"wpforms-error-noscript\" style=\"display: none;\">Ative o JavaScript no seu navegador para preencher este formul\u00e1rio.<\/div><div class=\"wpforms-field-container\"><div id=\"wpforms-95-field_1-container\" class=\"wpforms-field wpforms-field-text\" data-field-id=\"1\"><label class=\"wpforms-field-label\" for=\"wpforms-95-field_1\">Nome:<\/label><input type=\"text\" id=\"wpforms-95-field_1\" class=\"wpforms-field-medium\" name=\"wpforms[fields][1]\" aria-errormessage=\"wpforms-95-field_1-error\" ><\/div><div id=\"wpforms-95-field_2-container\" class=\"wpforms-field wpforms-field-text\" data-field-id=\"2\"><label class=\"wpforms-field-label\" for=\"wpforms-95-field_2\">E-mail:<\/label><input type=\"text\" id=\"wpforms-95-field_2\" class=\"wpforms-field-medium\" name=\"wpforms[fields][2]\" aria-errormessage=\"wpforms-95-field_2-error\" ><\/div><div id=\"wpforms-95-field_3-container\" class=\"wpforms-field wpforms-field-text\" data-field-id=\"3\"><label class=\"wpforms-field-label\" for=\"wpforms-95-field_3\">Assunto:<\/label><input type=\"text\" id=\"wpforms-95-field_3\" class=\"wpforms-field-medium\" name=\"wpforms[fields][3]\" aria-errormessage=\"wpforms-95-field_3-error\" ><\/div><div id=\"wpforms-95-field_4-container\" class=\"wpforms-field wpforms-field-text\" data-field-id=\"4\"><label class=\"wpforms-field-label\" for=\"wpforms-95-field_4\">Mensagem:<\/label><input type=\"text\" id=\"wpforms-95-field_4\" class=\"wpforms-field-medium\" name=\"wpforms[fields][4]\" aria-errormessage=\"wpforms-95-field_4-error\" ><\/div><\/div><!-- .wpforms-field-container --><div class=\"wpforms-submit-container\" ><input type=\"hidden\" name=\"wpforms[id]\" value=\"95\"><input type=\"hidden\" name=\"page_title\" value=\"\"><input type=\"hidden\" name=\"page_url\" value=\"https:\/\/radiofuturafm.com.br\/index.php\/wp-json\/wp\/v2\/pages\/42\"><input type=\"hidden\" name=\"url_referer\" value=\"\"><button type=\"submit\" name=\"wpforms[submit]\" id=\"wpforms-submit-95\" class=\"wpforms-submit\" data-alt-text=\"Enviando\u2026\" data-submit-text=\"Enviar\" aria-live=\"assertive\" value=\"wpforms-submit\">Enviar<\/button><img loading=\"lazy\" decoding=\"async\" src=\"https:\/\/radiofuturafm.com.br\/wp-content\/plugins\/wpforms-lite\/assets\/images\/submit-spin.svg\" class=\"wpforms-submit-spinner\" style=\"display: none;\" width=\"26\" height=\"26\" alt=\"Carregando\"><\/div><\/form><\/div>  <!-- .wpforms-container -->\n<\/div><\/section><\/p><\/div>\n<div  class='flex_column av-av_one_half-54c7a8c687ceac98a88e72175089a99d av_one_half  avia-builder-el-4  el_after_av_one_half  avia-builder-el-last  flex_column_div  '     ><style type=\"text\/css\" data-created_by=\"avia_inline_auto\" id=\"style-css-av-lpj7kg58-d032d16c6c16cc770a3b7bc0f740723f\">\n#top .av_textblock_section.av-lpj7kg58-d032d16c6c16cc770a3b7bc0f740723f .avia_textblock{\nfont-size:16px;\n}\n<\/style>\n<section  class='av_textblock_section av-lpj7kg58-d032d16c6c16cc770a3b7bc0f740723f '   itemscope=\"itemscope\" itemtype=\"https:\/\/schema.org\/CreativeWork\" ><div class='avia_textblock'  itemprop=\"text\" ><p><img loading=\"lazy\" decoding=\"async\" class=\"alignnone size-medium wp-image-44\" src=\"https:\/\/radiofuturafm.com.br\/wp-content\/uploads\/2023\/11\/Logo-Radio-Futura-com-margem-300x298.png\" alt=\"\" width=\"300\" height=\"298\" srcset=\"https:\/\/radiofuturafm.com.br\/wp-content\/uploads\/2023\/11\/Logo-Radio-Futura-com-margem-300x298.png 300w, https:\/\/radiofuturafm.com.br\/wp-content\/uploads\/2023\/11\/Logo-Radio-Futura-com-margem-1030x1022.png 1030w, https:\/\/radiofuturafm.com.br\/wp-content\/uploads\/2023\/11\/Logo-Radio-Futura-com-margem-80x80.png 80w, https:\/\/radiofuturafm.com.br\/wp-content\/uploads\/2023\/11\/Logo-Radio-Futura-com-margem-768x762.png 768w, https:\/\/radiofuturafm.com.br\/wp-content\/uploads\/2023\/11\/Logo-Radio-Futura-com-margem-36x36.png 36w, https:\/\/radiofuturafm.com.br\/wp-content\/uploads\/2023\/11\/Logo-Radio-Futura-com-margem-180x180.png 180w, https:\/\/radiofuturafm.com.br\/wp-content\/uploads\/2023\/11\/Logo-Radio-Futura-com-margem-705x699.png 705w, https:\/\/radiofuturafm.com.br\/wp-content\/uploads\/2023\/11\/Logo-Radio-Futura-com-margem.png 1280w\" sizes=\"auto, (max-width: 300px) 100vw, 300px\" \/><\/p>\n<\/div><\/section><\/div>\n","protected":false},"excerpt":{"rendered":"","protected":false},"author":1,"featured_media":0,"parent":0,"menu_order":0,"comment_status":"closed","ping_status":"closed","template":"","meta":{"footnotes":""},"class_list":["post-42","page","type-page","status-publish","hentry"],"_links":{"self":[{"href":"https:\/\/radiofuturafm.com.br\/index.php\/wp-json\/wp\/v2\/pages\/42","targetHints":{"allow":["GET"]}}],"collection":[{"href":"https:\/\/radiofuturafm.com.br\/index.php\/wp-json\/wp\/v2\/pages"}],"about":[{"href":"https:\/\/radiofuturafm.com.br\/index.php\/wp-json\/wp\/v2\/types\/page"}],"author":[{"embeddable":true,"href":"https:\/\/radiofuturafm.com.br\/index.php\/wp-json\/wp\/v2\/users\/1"}],"replies":[{"embeddable":true,"href":"https:\/\/radiofuturafm.com.br\/index.php\/wp-json\/wp\/v2\/comments?post=42"}],"version-history":[{"count":5,"href":"https:\/\/radiofuturafm.com.br\/index.php\/wp-json\/wp\/v2\/pages\/42\/revisions"}],"predecessor-version":[{"id":104,"href":"https:\/\/radiofuturafm.com.br\/index.php\/wp-json\/wp\/v2\/pages\/42\/revisions\/104"}],"wp:attachment":[{"href":"https:\/\/radiofuturafm.com.br\/index.php\/wp-json\/wp\/v2\/media?parent=42"}],"curies":[{"name":"wp","href":"https:\/\/api.w.org\/{rel}","templated":true}]}}